{"id":8540,"date":"2025-05-08T12:54:34","date_gmt":"2025-05-08T12:54:34","guid":{"rendered":"https:\/\/boutique.notredamedelagarde.com\/?post_type=product&#038;p=8540"},"modified":"2026-01-18T10:34:46","modified_gmt":"2026-01-18T10:34:46","slug":"medaille-notre-dame-de-la-garde-coeur-plaque-or","status":"publish","type":"product","link":"https:\/\/boutique.notredamedelagarde.com\/fr\/product\/medaille-notre-dame-de-la-garde-coeur-plaque-or\/","title":{"rendered":"M\u00e9daille Notre-Dame de La Garde coeur plaqu\u00e9 or"},"content":{"rendered":"<p>M\u00e9daille buste Notre-Dame de La Garde en forme de c\u0153ur, \u00a0plaqu\u00e9 or.<br \/>\nGrandeur \u00a0: 14 mm.<br \/>\nFabrication fran\u00e7aise.<\/p>\n","protected":false},"excerpt":{"rendered":"<p>M\u00e9daille buste Notre-Dame de La Garde en forme de c\u0153ur, \u00a0plaqu\u00e9 or. Grandeur \u00a0: 14 mm. Fabrication fran\u00e7aise.<\/p>\n","protected":false},"featured_media":8542,"template":"","meta":[],"product_cat":[55],"product_tag":[],"acf":[],"_links":{"self":[{"href":"https:\/\/boutique.notredamedelagarde.com\/fr\/wp-json\/wp\/v2\/product\/8540"}],"collection":[{"href":"https:\/\/boutique.notredamedelagarde.com\/fr\/wp-json\/wp\/v2\/product"}],"about":[{"href":"https:\/\/boutique.notredamedelagarde.com\/fr\/wp-json\/wp\/v2\/types\/product"}],"wp:featuredmedia":[{"embeddable":true,"href":"https:\/\/boutique.notredamedelagarde.com\/fr\/wp-json\/wp\/v2\/media\/8542"}],"wp:attachment":[{"href":"https:\/\/boutique.notredamedelagarde.com\/fr\/wp-json\/wp\/v2\/media?parent=8540"}],"wp:term":[{"taxonomy":"product_cat","embeddable":true,"href":"https:\/\/boutique.notredamedelagarde.com\/fr\/wp-json\/wp\/v2\/product_cat?post=8540"},{"taxonomy":"product_tag","embeddable":true,"href":"https:\/\/boutique.notredamedelagarde.com\/fr\/wp-json\/wp\/v2\/product_tag?post=8540"}],"curies":[{"name":"wp","href":"https:\/\/api.w.org\/{rel}","templated":true}]}}