{"id":8630,"date":"2025-06-28T11:40:42","date_gmt":"2025-06-28T11:40:42","guid":{"rendered":"https:\/\/boutique.notredamedelagarde.com\/?post_type=product&#038;p=8630"},"modified":"2026-03-30T15:06:03","modified_gmt":"2026-03-30T15:06:03","slug":"statue-notre-dame-de-la-garde-60-cm-socle-carre","status":"publish","type":"product","link":"https:\/\/boutique.notredamedelagarde.com\/fr\/product\/statue-notre-dame-de-la-garde-60-cm-socle-carre\/","title":{"rendered":"Statue Notre-Dame de La Garde 60 cm socle carr\u00e9"},"content":{"rendered":"<p>Statue de\u00a0Notre-Dame de La Garde 60\u00a0cm, en r\u00e9sine dor\u00e9e.<br \/>\nSocle carr\u00e9<br \/>\nDimension : 60 cm.<\/p>\n","protected":false},"excerpt":{"rendered":"<p>Statue de\u00a0Notre-Dame de La Garde 60\u00a0cm, en r\u00e9sine dor\u00e9e. Socle carr\u00e9 Dimension : 60 cm.<\/p>\n","protected":false},"featured_media":76,"template":"","meta":[],"product_cat":[37],"product_tag":[],"acf":[],"_links":{"self":[{"href":"https:\/\/boutique.notredamedelagarde.com\/fr\/wp-json\/wp\/v2\/product\/8630"}],"collection":[{"href":"https:\/\/boutique.notredamedelagarde.com\/fr\/wp-json\/wp\/v2\/product"}],"about":[{"href":"https:\/\/boutique.notredamedelagarde.com\/fr\/wp-json\/wp\/v2\/types\/product"}],"wp:featuredmedia":[{"embeddable":true,"href":"https:\/\/boutique.notredamedelagarde.com\/fr\/wp-json\/wp\/v2\/media\/76"}],"wp:attachment":[{"href":"https:\/\/boutique.notredamedelagarde.com\/fr\/wp-json\/wp\/v2\/media?parent=8630"}],"wp:term":[{"taxonomy":"product_cat","embeddable":true,"href":"https:\/\/boutique.notredamedelagarde.com\/fr\/wp-json\/wp\/v2\/product_cat?post=8630"},{"taxonomy":"product_tag","embeddable":true,"href":"https:\/\/boutique.notredamedelagarde.com\/fr\/wp-json\/wp\/v2\/product_tag?post=8630"}],"curies":[{"name":"wp","href":"https:\/\/api.w.org\/{rel}","templated":true}]}}