{"id":8632,"date":"2025-06-28T11:56:54","date_gmt":"2025-06-28T11:56:54","guid":{"rendered":"https:\/\/boutique.notredamedelagarde.com\/?post_type=product&#038;p=8632"},"modified":"2026-03-05T12:00:57","modified_gmt":"2026-03-05T12:00:57","slug":"statue-notre-dame-de-la-garde-30-cm-socle-carre","status":"publish","type":"product","link":"https:\/\/boutique.notredamedelagarde.com\/fr\/product\/statue-notre-dame-de-la-garde-30-cm-socle-carre\/","title":{"rendered":"Statue Notre-Dame de La Garde 30 cm socle carr\u00e9"},"content":{"rendered":"<p>Statue de\u00a0Notre-Dame de La Garde 30\u00a0cm, en r\u00e9sine dor\u00e9e.<br \/>\nSocle carr\u00e9<br \/>\nDimension : 30 cm.<\/p>\n","protected":false},"excerpt":{"rendered":"<p>Statue de\u00a0Notre-Dame de La Garde 30\u00a0cm, en r\u00e9sine dor\u00e9e. Socle carr\u00e9 Dimension : 30 cm.<\/p>\n","protected":false},"featured_media":76,"template":"","meta":[],"product_cat":[37],"product_tag":[],"acf":[],"_links":{"self":[{"href":"https:\/\/boutique.notredamedelagarde.com\/fr\/wp-json\/wp\/v2\/product\/8632"}],"collection":[{"href":"https:\/\/boutique.notredamedelagarde.com\/fr\/wp-json\/wp\/v2\/product"}],"about":[{"href":"https:\/\/boutique.notredamedelagarde.com\/fr\/wp-json\/wp\/v2\/types\/product"}],"wp:featuredmedia":[{"embeddable":true,"href":"https:\/\/boutique.notredamedelagarde.com\/fr\/wp-json\/wp\/v2\/media\/76"}],"wp:attachment":[{"href":"https:\/\/boutique.notredamedelagarde.com\/fr\/wp-json\/wp\/v2\/media?parent=8632"}],"wp:term":[{"taxonomy":"product_cat","embeddable":true,"href":"https:\/\/boutique.notredamedelagarde.com\/fr\/wp-json\/wp\/v2\/product_cat?post=8632"},{"taxonomy":"product_tag","embeddable":true,"href":"https:\/\/boutique.notredamedelagarde.com\/fr\/wp-json\/wp\/v2\/product_tag?post=8632"}],"curies":[{"name":"wp","href":"https:\/\/api.w.org\/{rel}","templated":true}]}}