{"id":8876,"date":"2025-12-24T11:08:17","date_gmt":"2025-12-24T11:08:17","guid":{"rendered":"https:\/\/boutique.notredamedelagarde.com\/?post_type=product&#038;p=8876"},"modified":"2026-04-14T11:47:04","modified_gmt":"2026-04-14T11:47:04","slug":"exclusivite-statue-notre-dame-de-la-garde-en-albatre-beige-et-or-12-cm","status":"publish","type":"product","link":"https:\/\/boutique.notredamedelagarde.com\/fr\/product\/exclusivite-statue-notre-dame-de-la-garde-en-albatre-beige-et-or-12-cm\/","title":{"rendered":"Exclusivit\u00e9  Statue Notre-Dame de La Garde en alb\u00e2tre beige et or 12 cm"},"content":{"rendered":"<p>Statue de\u00a0Notre-Dame de La Garde 12\u00a0cm, en alb\u00e2tre beige et or.<br \/>\nSocle rond<br \/>\nDimension : 12 cm.<br \/>\nCette statue est une r\u00e9plique fid\u00e8le de<br \/>\nl&rsquo;oeuvre conserv\u00e9e dans les collections du<br \/>\nmus\u00e9e du sanctuaire.<br \/>\nElle n&rsquo;est disponible que dans deux lieux<br \/>\nde vente privil\u00e9gi\u00e9s \u00e0 la boutique du<br \/>\nsanctuaire et sur notre site de vente en ligne.<\/p>\n","protected":false},"excerpt":{"rendered":"<p>Statue de\u00a0Notre-Dame de La Garde 12\u00a0cm, en alb\u00e2tre beige et or. Socle rond Dimension : 12 cm. Cette statue est une r\u00e9plique fid\u00e8le de l&rsquo;oeuvre conserv\u00e9e dans les collections du mus\u00e9e du sanctuaire. Elle n&rsquo;est disponible que dans deux lieux de vente privil\u00e9gi\u00e9s \u00e0 la boutique du sanctuaire et sur notre site de vente en [&hellip;]<\/p>\n","protected":false},"featured_media":8868,"template":"","meta":[],"product_cat":[37],"product_tag":[],"acf":[],"_links":{"self":[{"href":"https:\/\/boutique.notredamedelagarde.com\/fr\/wp-json\/wp\/v2\/product\/8876"}],"collection":[{"href":"https:\/\/boutique.notredamedelagarde.com\/fr\/wp-json\/wp\/v2\/product"}],"about":[{"href":"https:\/\/boutique.notredamedelagarde.com\/fr\/wp-json\/wp\/v2\/types\/product"}],"wp:featuredmedia":[{"embeddable":true,"href":"https:\/\/boutique.notredamedelagarde.com\/fr\/wp-json\/wp\/v2\/media\/8868"}],"wp:attachment":[{"href":"https:\/\/boutique.notredamedelagarde.com\/fr\/wp-json\/wp\/v2\/media?parent=8876"}],"wp:term":[{"taxonomy":"product_cat","embeddable":true,"href":"https:\/\/boutique.notredamedelagarde.com\/fr\/wp-json\/wp\/v2\/product_cat?post=8876"},{"taxonomy":"product_tag","embeddable":true,"href":"https:\/\/boutique.notredamedelagarde.com\/fr\/wp-json\/wp\/v2\/product_tag?post=8876"}],"curies":[{"name":"wp","href":"https:\/\/api.w.org\/{rel}","templated":true}]}}