{"id":8905,"date":"2026-01-20T10:50:55","date_gmt":"2026-01-20T10:50:55","guid":{"rendered":"https:\/\/boutique.notredamedelagarde.com\/?post_type=product&#038;p=8905"},"modified":"2026-02-06T22:44:31","modified_gmt":"2026-02-06T22:44:31","slug":"boule-de-neige-personnalisee-notre-dame-de-la-garde","status":"publish","type":"product","link":"https:\/\/boutique.notredamedelagarde.com\/fr\/product\/boule-de-neige-personnalisee-notre-dame-de-la-garde\/","title":{"rendered":"Boule de neige personnalis\u00e9e Notre-Dame de la Garde"},"content":{"rendered":"<p>Boule de neige personnalis\u00e9e Notre-Dame de la Garde.<\/p>\n<p>Dessin r\u00e9alis\u00e9 par l&rsquo;Abb\u00e9 St\u00e9phan SCIORTINO-BAYART, Chancelier archi\u00e9piscopal de Marseille.<\/p>\n<p>2 versions.<br \/>\nFabriqu\u00e9e en France.<\/p>\n","protected":false},"excerpt":{"rendered":"<p>Boule de neige personnalis\u00e9e Notre-Dame de la Garde. Dessin r\u00e9alis\u00e9 par l&rsquo;Abb\u00e9 St\u00e9phan SCIORTINO-BAYART, Chancelier archi\u00e9piscopal de Marseille. 2 versions. Fabriqu\u00e9e en France.<\/p>\n","protected":false},"featured_media":8901,"template":"","meta":[],"product_cat":[157],"product_tag":[],"acf":[],"_links":{"self":[{"href":"https:\/\/boutique.notredamedelagarde.com\/fr\/wp-json\/wp\/v2\/product\/8905"}],"collection":[{"href":"https:\/\/boutique.notredamedelagarde.com\/fr\/wp-json\/wp\/v2\/product"}],"about":[{"href":"https:\/\/boutique.notredamedelagarde.com\/fr\/wp-json\/wp\/v2\/types\/product"}],"wp:featuredmedia":[{"embeddable":true,"href":"https:\/\/boutique.notredamedelagarde.com\/fr\/wp-json\/wp\/v2\/media\/8901"}],"wp:attachment":[{"href":"https:\/\/boutique.notredamedelagarde.com\/fr\/wp-json\/wp\/v2\/media?parent=8905"}],"wp:term":[{"taxonomy":"product_cat","embeddable":true,"href":"https:\/\/boutique.notredamedelagarde.com\/fr\/wp-json\/wp\/v2\/product_cat?post=8905"},{"taxonomy":"product_tag","embeddable":true,"href":"https:\/\/boutique.notredamedelagarde.com\/fr\/wp-json\/wp\/v2\/product_tag?post=8905"}],"curies":[{"name":"wp","href":"https:\/\/api.w.org\/{rel}","templated":true}]}}