{"id":8919,"date":"2026-02-13T14:15:08","date_gmt":"2026-02-13T14:15:08","guid":{"rendered":"https:\/\/boutique.notredamedelagarde.com\/?post_type=product&#038;p=8919"},"modified":"2026-04-05T10:59:19","modified_gmt":"2026-04-05T10:59:19","slug":"exclusivite-statue-notre-dame-de-la-garde-doree-a-lor-fin","status":"publish","type":"product","link":"https:\/\/boutique.notredamedelagarde.com\/fr\/product\/exclusivite-statue-notre-dame-de-la-garde-doree-a-lor-fin\/","title":{"rendered":"Exclusivit\u00e9  Statue Notre-Dame de La Garde dor\u00e9e \u00e0 l&rsquo;or fin"},"content":{"rendered":"<p>Ce santon de la Bonne M\u00e8re entre dans l\u2019histoire \u00e0 jamais.<\/p>\n<p>Il a \u00e9t\u00e9 cr\u00e9\u00e9 et fabriqu\u00e9 dans les ateliers<br \/>\ndes santons Escoffier et dor\u00e9 \u00e0 la feuille d\u2019or<br \/>\npar les ateliers Gohard.<\/p>\n<p>L\u2019int\u00e9gralit\u00e9 de la vente a \u00e9t\u00e9 destin\u00e9e au chantier historique<br \/>\nde restauration de Notre-Dame de la Garde de 2025.<\/p>\n<p>Cette \u00e9dition est limit\u00e9e<br \/>\n\u00e0 1000 santons num\u00e9rot\u00e9s.<\/p>\n","protected":false},"excerpt":{"rendered":"<p>Ce santon de la Bonne M\u00e8re entre dans l\u2019histoire \u00e0 jamais. Il a \u00e9t\u00e9 cr\u00e9\u00e9 et fabriqu\u00e9 dans les ateliers des santons Escoffier et dor\u00e9 \u00e0 la feuille d\u2019or par les ateliers Gohard. L\u2019int\u00e9gralit\u00e9 de la vente a \u00e9t\u00e9 destin\u00e9e au chantier historique de restauration de Notre-Dame de la Garde de 2025. Cette \u00e9dition est [&hellip;]<\/p>\n","protected":false},"featured_media":8923,"template":"","meta":[],"product_cat":[37],"product_tag":[],"acf":[],"_links":{"self":[{"href":"https:\/\/boutique.notredamedelagarde.com\/fr\/wp-json\/wp\/v2\/product\/8919"}],"collection":[{"href":"https:\/\/boutique.notredamedelagarde.com\/fr\/wp-json\/wp\/v2\/product"}],"about":[{"href":"https:\/\/boutique.notredamedelagarde.com\/fr\/wp-json\/wp\/v2\/types\/product"}],"wp:featuredmedia":[{"embeddable":true,"href":"https:\/\/boutique.notredamedelagarde.com\/fr\/wp-json\/wp\/v2\/media\/8923"}],"wp:attachment":[{"href":"https:\/\/boutique.notredamedelagarde.com\/fr\/wp-json\/wp\/v2\/media?parent=8919"}],"wp:term":[{"taxonomy":"product_cat","embeddable":true,"href":"https:\/\/boutique.notredamedelagarde.com\/fr\/wp-json\/wp\/v2\/product_cat?post=8919"},{"taxonomy":"product_tag","embeddable":true,"href":"https:\/\/boutique.notredamedelagarde.com\/fr\/wp-json\/wp\/v2\/product_tag?post=8919"}],"curies":[{"name":"wp","href":"https:\/\/api.w.org\/{rel}","templated":true}]}}