{"id":8964,"date":"2026-03-27T10:42:22","date_gmt":"2026-03-27T10:42:22","guid":{"rendered":"https:\/\/boutique.notredamedelagarde.com\/?post_type=product&#038;p=8964"},"modified":"2026-04-04T20:35:28","modified_gmt":"2026-04-04T20:35:28","slug":"medaille-ronde-o13-mm-acier-dore","status":"publish","type":"product","link":"https:\/\/boutique.notredamedelagarde.com\/fr\/product\/medaille-ronde-o13-mm-acier-dore\/","title":{"rendered":"M\u00e9daille ronde \u00f813 mm acier dor\u00e9"},"content":{"rendered":"<p>M\u00e9daille Ronde acier dor\u00e9.<br \/>\nBuste Notre-Dame de La Garde.<br \/>\nDiam\u00e8tre : \u00d8 13 mm.<br \/>\nFabrication fran\u00e7aise.<\/p>\n","protected":false},"excerpt":{"rendered":"<p>M\u00e9daille Ronde acier dor\u00e9. Buste Notre-Dame de La Garde. Diam\u00e8tre : \u00d8 13 mm. Fabrication fran\u00e7aise.<\/p>\n","protected":false},"featured_media":859,"template":"","meta":[],"product_cat":[158],"product_tag":[],"acf":[],"_links":{"self":[{"href":"https:\/\/boutique.notredamedelagarde.com\/fr\/wp-json\/wp\/v2\/product\/8964"}],"collection":[{"href":"https:\/\/boutique.notredamedelagarde.com\/fr\/wp-json\/wp\/v2\/product"}],"about":[{"href":"https:\/\/boutique.notredamedelagarde.com\/fr\/wp-json\/wp\/v2\/types\/product"}],"wp:featuredmedia":[{"embeddable":true,"href":"https:\/\/boutique.notredamedelagarde.com\/fr\/wp-json\/wp\/v2\/media\/859"}],"wp:attachment":[{"href":"https:\/\/boutique.notredamedelagarde.com\/fr\/wp-json\/wp\/v2\/media?parent=8964"}],"wp:term":[{"taxonomy":"product_cat","embeddable":true,"href":"https:\/\/boutique.notredamedelagarde.com\/fr\/wp-json\/wp\/v2\/product_cat?post=8964"},{"taxonomy":"product_tag","embeddable":true,"href":"https:\/\/boutique.notredamedelagarde.com\/fr\/wp-json\/wp\/v2\/product_tag?post=8964"}],"curies":[{"name":"wp","href":"https:\/\/api.w.org\/{rel}","templated":true}]}}