{"id":8966,"date":"2026-03-27T10:50:09","date_gmt":"2026-03-27T10:50:09","guid":{"rendered":"https:\/\/boutique.notredamedelagarde.com\/?post_type=product&#038;p=8966"},"modified":"2026-04-16T17:08:52","modified_gmt":"2026-04-16T17:08:52","slug":"medaille-en-forme-de-fleur-acier-dore","status":"publish","type":"product","link":"https:\/\/boutique.notredamedelagarde.com\/fr\/product\/medaille-en-forme-de-fleur-acier-dore\/","title":{"rendered":"M\u00e9daille en forme de fleur &#8211; acier dor\u00e9"},"content":{"rendered":"<p>M\u00e9daille Notre-Dame de La Garde, en forme de fleur,<br \/>\nbasilique au dos.<br \/>\nAcier dor\u00e9.<br \/>\nGrandeur : \u00f8 13 mm.<br \/>\nFabrication fran\u00e7aise.<\/p>\n","protected":false},"excerpt":{"rendered":"<p>M\u00e9daille Notre-Dame de La Garde, en forme de fleur, basilique au dos. Acier dor\u00e9. Grandeur : \u00f8 13 mm. Fabrication fran\u00e7aise.<\/p>\n","protected":false},"featured_media":6814,"template":"","meta":[],"product_cat":[158],"product_tag":[],"acf":[],"_links":{"self":[{"href":"https:\/\/boutique.notredamedelagarde.com\/fr\/wp-json\/wp\/v2\/product\/8966"}],"collection":[{"href":"https:\/\/boutique.notredamedelagarde.com\/fr\/wp-json\/wp\/v2\/product"}],"about":[{"href":"https:\/\/boutique.notredamedelagarde.com\/fr\/wp-json\/wp\/v2\/types\/product"}],"wp:featuredmedia":[{"embeddable":true,"href":"https:\/\/boutique.notredamedelagarde.com\/fr\/wp-json\/wp\/v2\/media\/6814"}],"wp:attachment":[{"href":"https:\/\/boutique.notredamedelagarde.com\/fr\/wp-json\/wp\/v2\/media?parent=8966"}],"wp:term":[{"taxonomy":"product_cat","embeddable":true,"href":"https:\/\/boutique.notredamedelagarde.com\/fr\/wp-json\/wp\/v2\/product_cat?post=8966"},{"taxonomy":"product_tag","embeddable":true,"href":"https:\/\/boutique.notredamedelagarde.com\/fr\/wp-json\/wp\/v2\/product_tag?post=8966"}],"curies":[{"name":"wp","href":"https:\/\/api.w.org\/{rel}","templated":true}]}}